{"id":2164,"date":"2020-08-26T11:09:29","date_gmt":"2020-08-26T09:09:29","guid":{"rendered":"https:\/\/bratsberg.as\/?page_id=2164"},"modified":"2020-10-08T08:53:57","modified_gmt":"2020-10-08T06:53:57","slug":"annual-report","status":"publish","type":"page","link":"https:\/\/bratsberg.as\/en\/about-bratsberg\/annual-report\/","title":{"rendered":"Annual report"},"content":{"rendered":"<div class=\"wpb-content-wrapper\">[vc_section][vc_row][vc_column][mk_fancy_title tag_name=&#8221;h1&#8243; size=&#8221;35&#8243; font_weight=&#8221;600&#8243; margin_top=&#8221;10&#8243; margin_bottom=&#8221;0&#8243; font_family=&#8221;none&#8221; responsive_align=&#8221;left&#8221;]Annual reports[\/mk_fancy_title][vc_column_text el_class=&#8221;ingress&#8221; css=&#8221;.vc_custom_1602140034410{margin-bottom: 0px !important;}&#8221;]\n<p style=\"text-align: left;\">View the annual reports on the Bratsberg concern here.<\/p>\n<h3><\/h3>\n<p><strong>2019<\/strong> began by marking the completion of <a href=\"https:\/\/bratsberg.as\/en\/projects\/bratsberg-brygge-and-oya\/\">\u00d8YA and Bratsberg Brygge<\/a> in Porsgrunn. Bratsberg has been very active in the Grenland region, and is investing substantially in Vestfold. <a href=\"https:\/\/bratsberg.as\/en\/commercial-properties\/\">Bratsberg N\u00e6ringseiendom<\/a> has become markedly strengthened through aquisitions, an increased number of leaseholders and new associates.[\/vc_column_text][vc_empty_space][\/vc_column][\/vc_row][\/vc_section][vc_row][vc_column width=&#8221;1\/3&#8243;][mk_fancy_title size=&#8221;17&#8243; font_weight=&#8221;600&#8243; margin_top=&#8221;10&#8243; margin_bottom=&#8221;0&#8243; font_family=&#8221;none&#8221;]Annual report 2019[\/mk_fancy_title][vc_single_image image=&#8221;1885&#8243; img_size=&#8221;full&#8221; alignment=&#8221;center&#8221; onclick=&#8221;custom_link&#8221; link=&#8221;https:\/\/viewer.ipaper.io\/Fjuz\/bratsberg\/aarsrapport-2019-bratsberg\/&#8221;][\/vc_column][vc_column width=&#8221;1\/3&#8243;][mk_fancy_title size=&#8221;17&#8243; font_weight=&#8221;600&#8243; margin_top=&#8221;10&#8243; margin_bottom=&#8221;0&#8243; font_family=&#8221;none&#8221;]Annual report 2018[\/mk_fancy_title][vc_single_image image=&#8221;1884&#8243; img_size=&#8221;full&#8221; alignment=&#8221;center&#8221; onclick=&#8221;custom_link&#8221; link=&#8221;https:\/\/viewer.ipaper.io\/Fjuz\/bratsberg\/aarsrapport-2018-bratsberg\/&#8221;][\/vc_column][vc_column width=&#8221;1\/3&#8243;][mk_fancy_title size=&#8221;17&#8243; font_weight=&#8221;600&#8243; margin_top=&#8221;10&#8243; margin_bottom=&#8221;0&#8243; font_family=&#8221;none&#8221;]Annual report 2017[\/mk_fancy_title][vc_single_image image=&#8221;1883&#8243; img_size=&#8221;full&#8221; alignment=&#8221;center&#8221; onclick=&#8221;custom_link&#8221; link=&#8221;https:\/\/viewer.ipaper.io\/Fjuz\/bratsberg\/aarsrapport-2017-bratsberg\/&#8221;][\/vc_column][\/vc_row]\n<\/div>","protected":false},"excerpt":{"rendered":"<p>Feiring av ferdigstillelse av \u00d8YA og Bratsberg Brygge i Porsgrunn markerte starten p\u00e5 2019 (omslagsfoto). Bratsberg har h\u00f8y aktivitet i Grenlandsregionen og satser offensivt i Vestfold.<\/p>\n","protected":false},"author":1,"featured_media":0,"parent":2160,"menu_order":0,"comment_status":"closed","ping_status":"closed","template":"","meta":{"_acf_changed":false,"inline_featured_image":false,"footnotes":""},"class_list":["post-2164","page","type-page","status-publish","hentry"],"acf":[],"yoast_head":"<!-- This site is optimized with the Yoast SEO plugin v26.7 - https:\/\/yoast.com\/wordpress\/plugins\/seo\/ -->\n<title>Annual report - Bratsberg<\/title>\n<meta name=\"description\" content=\"Annual report - Bratsberg AS\" \/>\n<meta name=\"robots\" content=\"index, follow, max-snippet:-1, max-image-preview:large, max-video-preview:-1\" \/>\n<link rel=\"canonical\" href=\"https:\/\/bratsberg.as\/en\/about-bratsberg\/annual-report\/\" \/>\n<meta property=\"og:locale\" content=\"en_US\" \/>\n<meta property=\"og:type\" content=\"article\" \/>\n<meta property=\"og:title\" content=\"Annual report - Bratsberg\" \/>\n<meta property=\"og:description\" content=\"Annual report - Bratsberg AS\" \/>\n<meta property=\"og:url\" content=\"https:\/\/bratsberg.as\/en\/about-bratsberg\/annual-report\/\" \/>\n<meta property=\"og:site_name\" content=\"Bratsberg\" \/>\n<meta property=\"article:modified_time\" content=\"2020-10-08T06:53:57+00:00\" \/>\n<meta name=\"twitter:card\" content=\"summary_large_image\" \/>\n<meta name=\"twitter:label1\" content=\"Est. reading time\" \/>\n\t<meta name=\"twitter:data1\" content=\"1 minute\" \/>\n<script type=\"application\/ld+json\" class=\"yoast-schema-graph\">{\"@context\":\"https:\/\/schema.org\",\"@graph\":[{\"@type\":\"WebPage\",\"@id\":\"https:\/\/bratsberg.as\/en\/about-bratsberg\/annual-report\/\",\"url\":\"https:\/\/bratsberg.as\/en\/about-bratsberg\/annual-report\/\",\"name\":\"Annual report - Bratsberg\",\"isPartOf\":{\"@id\":\"https:\/\/bratsberg.as\/en\/#website\"},\"datePublished\":\"2020-08-26T09:09:29+00:00\",\"dateModified\":\"2020-10-08T06:53:57+00:00\",\"description\":\"Annual report - Bratsberg AS\",\"breadcrumb\":{\"@id\":\"https:\/\/bratsberg.as\/en\/about-bratsberg\/annual-report\/#breadcrumb\"},\"inLanguage\":\"en-US\",\"potentialAction\":[{\"@type\":\"ReadAction\",\"target\":[\"https:\/\/bratsberg.as\/en\/about-bratsberg\/annual-report\/\"]}]},{\"@type\":\"BreadcrumbList\",\"@id\":\"https:\/\/bratsberg.as\/en\/about-bratsberg\/annual-report\/#breadcrumb\",\"itemListElement\":[{\"@type\":\"ListItem\",\"position\":1,\"name\":\"Bratsberg\",\"item\":\"https:\/\/bratsberg.as\/en\/\"},{\"@type\":\"ListItem\",\"position\":2,\"name\":\"About Bratsberg\",\"item\":\"https:\/\/bratsberg.as\/en\/about-bratsberg\/\"},{\"@type\":\"ListItem\",\"position\":3,\"name\":\"Annual report\"}]},{\"@type\":\"WebSite\",\"@id\":\"https:\/\/bratsberg.as\/en\/#website\",\"url\":\"https:\/\/bratsberg.as\/en\/\",\"name\":\"Bratsberg\",\"description\":\"Utvikler og bygger n\u00e6ringseiendommer og boliger\",\"potentialAction\":[{\"@type\":\"SearchAction\",\"target\":{\"@type\":\"EntryPoint\",\"urlTemplate\":\"https:\/\/bratsberg.as\/en\/?s={search_term_string}\"},\"query-input\":{\"@type\":\"PropertyValueSpecification\",\"valueRequired\":true,\"valueName\":\"search_term_string\"}}],\"inLanguage\":\"en-US\"}]}<\/script>\n<!-- \/ Yoast SEO plugin. -->","yoast_head_json":{"title":"Annual report - Bratsberg","description":"Annual report - Bratsberg AS","robots":{"index":"index","follow":"follow","max-snippet":"max-snippet:-1","max-image-preview":"max-image-preview:large","max-video-preview":"max-video-preview:-1"},"canonical":"https:\/\/bratsberg.as\/en\/about-bratsberg\/annual-report\/","og_locale":"en_US","og_type":"article","og_title":"Annual report - Bratsberg","og_description":"Annual report - Bratsberg AS","og_url":"https:\/\/bratsberg.as\/en\/about-bratsberg\/annual-report\/","og_site_name":"Bratsberg","article_modified_time":"2020-10-08T06:53:57+00:00","twitter_card":"summary_large_image","twitter_misc":{"Est. reading time":"1 minute"},"schema":{"@context":"https:\/\/schema.org","@graph":[{"@type":"WebPage","@id":"https:\/\/bratsberg.as\/en\/about-bratsberg\/annual-report\/","url":"https:\/\/bratsberg.as\/en\/about-bratsberg\/annual-report\/","name":"Annual report - Bratsberg","isPartOf":{"@id":"https:\/\/bratsberg.as\/en\/#website"},"datePublished":"2020-08-26T09:09:29+00:00","dateModified":"2020-10-08T06:53:57+00:00","description":"Annual report - Bratsberg AS","breadcrumb":{"@id":"https:\/\/bratsberg.as\/en\/about-bratsberg\/annual-report\/#breadcrumb"},"inLanguage":"en-US","potentialAction":[{"@type":"ReadAction","target":["https:\/\/bratsberg.as\/en\/about-bratsberg\/annual-report\/"]}]},{"@type":"BreadcrumbList","@id":"https:\/\/bratsberg.as\/en\/about-bratsberg\/annual-report\/#breadcrumb","itemListElement":[{"@type":"ListItem","position":1,"name":"Bratsberg","item":"https:\/\/bratsberg.as\/en\/"},{"@type":"ListItem","position":2,"name":"About Bratsberg","item":"https:\/\/bratsberg.as\/en\/about-bratsberg\/"},{"@type":"ListItem","position":3,"name":"Annual report"}]},{"@type":"WebSite","@id":"https:\/\/bratsberg.as\/en\/#website","url":"https:\/\/bratsberg.as\/en\/","name":"Bratsberg","description":"Utvikler og bygger n\u00e6ringseiendommer og boliger","potentialAction":[{"@type":"SearchAction","target":{"@type":"EntryPoint","urlTemplate":"https:\/\/bratsberg.as\/en\/?s={search_term_string}"},"query-input":{"@type":"PropertyValueSpecification","valueRequired":true,"valueName":"search_term_string"}}],"inLanguage":"en-US"}]}},"_links":{"self":[{"href":"https:\/\/bratsberg.as\/en\/wp-json\/wp\/v2\/pages\/2164","targetHints":{"allow":["GET"]}}],"collection":[{"href":"https:\/\/bratsberg.as\/en\/wp-json\/wp\/v2\/pages"}],"about":[{"href":"https:\/\/bratsberg.as\/en\/wp-json\/wp\/v2\/types\/page"}],"author":[{"embeddable":true,"href":"https:\/\/bratsberg.as\/en\/wp-json\/wp\/v2\/users\/1"}],"replies":[{"embeddable":true,"href":"https:\/\/bratsberg.as\/en\/wp-json\/wp\/v2\/comments?post=2164"}],"version-history":[{"count":9,"href":"https:\/\/bratsberg.as\/en\/wp-json\/wp\/v2\/pages\/2164\/revisions"}],"predecessor-version":[{"id":2553,"href":"https:\/\/bratsberg.as\/en\/wp-json\/wp\/v2\/pages\/2164\/revisions\/2553"}],"up":[{"embeddable":true,"href":"https:\/\/bratsberg.as\/en\/wp-json\/wp\/v2\/pages\/2160"}],"wp:attachment":[{"href":"https:\/\/bratsberg.as\/en\/wp-json\/wp\/v2\/media?parent=2164"}],"curies":[{"name":"wp","href":"https:\/\/api.w.org\/{rel}","templated":true}]}}