{"id":2160,"date":"2020-08-26T11:09:02","date_gmt":"2020-08-26T09:09:02","guid":{"rendered":"https:\/\/bratsberg.as\/?page_id=2160"},"modified":"2020-10-12T15:29:05","modified_gmt":"2020-10-12T13:29:05","slug":"about-bratsberg","status":"publish","type":"page","link":"https:\/\/bratsberg.as\/en\/about-bratsberg\/","title":{"rendered":"About Bratsberg"},"content":{"rendered":"<div class=\"wpb-content-wrapper\">[vc_row css=&#8221;.vc_custom_1583825341181{padding-top: 30px !important;}&#8221;][vc_column][mk_fancy_title tag_name=&#8221;h1&#8243; size=&#8221;32&#8243; margin_bottom=&#8221;10&#8243; font_family=&#8221;none&#8221; responsive_align=&#8221;left&#8221;]Everything you need to know about Bratsberg[\/mk_fancy_title][mk_fancy_title tag_name=&#8221;span&#8221; size=&#8221;22&#8243; margin_bottom=&#8221;&#8221; font_family=&#8221;none&#8221; responsive_align=&#8221;left&#8221;]We want to be instrumental in helping to forge prosperity in the community and to ensure businesses can flourish. In our view, it is all about creating space for success by offering desirable business spaces, and developing and maintaining them for the future.[\/mk_fancy_title][vc_column_text css=&#8221;.vc_custom_1600249395663{padding-bottom: 32px !important;}&#8221;]Bratsberg\u2019s clients and partners have one thing in common: they aim to succeed in developing the region and running profitable businesses. Our objective is to create space for success, community and cooperation.<\/p>\n<p><strong>We do this by:<\/strong><\/p>\n<ul>\n<li>Offering desirable <a href=\"https:\/\/bratsberg.as\/en\/commercial-properties\/\">business places<\/a> and doing what we can to ensure our leaseholders are satisfied.<\/li>\n<li><a href=\"https:\/\/bratsberg.as\/en\/projects\/\">developing and maintaining business spaces<\/a> for the future.<\/li>\n<\/ul>\n[\/vc_column_text][mk_fancy_title size=&#8221;26&#8243; margin_bottom=&#8221;0&#8243; font_family=&#8221;none&#8221; responsive_align=&#8221;left&#8221;]Being a generator of business development[\/mk_fancy_title][vc_column_text css=&#8221;.vc_custom_1600249462039{margin-bottom: 0px !important;}&#8221;]Bratsberg supports all who wish to be part of this objective. Our story starts right here-with a desire to bring growth to the local community and to businesses. Our name stems from Bratsberg Bruk, which is steeped in tradition. This was the first building which entrepreneur Petter \u00d8ygarden rehabilitated and turned into modern business premises in 2004.<\/p>\n<p>Since then, we have transformed run-down industrial and urban areas in Skien and Porsgrunn into instigators for business and town centre development. Today, we are the biggest property developer in Grenland, with a market leading position in business property. It is Bratsberg N\u00e6ringseiendom\u2019s objective to develop, lease and oversee property.<br \/>\n[\/vc_column_text][mk_fancy_title tag_name=&#8221;h3&#8243; size=&#8221;26&#8243; margin_bottom=&#8221;0&#8243; font_family=&#8221;none&#8221; responsive_align=&#8221;left&#8221;]We are here to help[\/mk_fancy_title][vc_column_text css=&#8221;.vc_custom_1600253799880{margin-bottom: 0px !important;}&#8221;]We can develop the region together! Bratsberg can assist with everything within development, management and the running of the property. We work closely alongside architects and construction and environmental experts. Together, we are able to devise good solutions for our clients. In short, Bratsberg is an attractive partner for you:<\/p>\n<ul>\n<li>If you aim to realise a property or a project.<\/li>\n<li>If you need office or business space with a good location.<\/li>\n<\/ul>\n[\/vc_column_text][vc_single_image image=&#8221;1871&#8243; img_size=&#8221;full&#8221; add_caption=&#8221;yes&#8221; css=&#8221;.vc_custom_1589387361137{padding-top: 50px !important;}&#8221;][mk_fancy_title size=&#8221;26&#8243; margin_bottom=&#8221;0&#8243; font_family=&#8221;none&#8221; responsive_align=&#8221;left&#8221;]Our people[\/mk_fancy_title][vc_column_text css=&#8221;.vc_custom_1600249730478{margin-bottom: 0px !important;}&#8221;]Bratsberg aims to be a driving force for economic growth. We must then, work together with both the local community as well as our clients. Only by listening to different view points and concerns, will we be able to better ourselves. Teamwork is a common principle for everyone working at Bratsberg.<\/p>\n<p>This permeates through how we work with everything from developing new business concepts, to making sure the working day runs smoothly at the office, in the shop or at the warehouse. We must be prepared to work across our various disciplines in order to meet the needs of our clients, who all have different kinds of challenges and goals. In short, we do everything we can to make sure our clients are satisfied.<br \/>\n[\/vc_column_text][vc_column_text css=&#8221;.vc_custom_1600249795178{margin-bottom: 0px !important;}&#8221;]<a href=\"https:\/\/bratsberg.as\/en\/about-bratsberg\/employees\/\">Getting to know our people better.<\/a>[\/vc_column_text][vc_row_inner][vc_column_inner][vc_single_image image=&#8221;1818&#8243; img_size=&#8221;full&#8221; onclick=&#8221;custom_link&#8221; link=&#8221;https:\/\/bratsberg.as\/naeringseiendommer\/bratsberg-brygge\/&#8221; css=&#8221;.vc_custom_1602509339594{padding-top: 32px !important;}&#8221;][mk_fancy_title size=&#8221;26&#8243; margin_bottom=&#8221;0&#8243; font_family=&#8221;none&#8221; responsive_align=&#8221;left&#8221;]A positive domino effect[\/mk_fancy_title][vc_column_text css=&#8221;.vc_custom_1600249839542{margin-bottom: 0px !important;}&#8221;]Property development is all about creating growth. Allowing for more of us to succeed will allow businesses to aquire a healthier pulse and gather momentum as they move forward into the future. Bratsberg Brygge and \u00d8YA is an example of such a positive domino effect. This was our first urban development project that opened up this part of town by the river, and allowed caf\u00e9s, restaurants, nightclubs and shops to establish themselves. This former run-down area of town has now become an urban focal point for both businesses and the general public.[\/vc_column_text][vc_column_text css=&#8221;.vc_custom_1600249876761{margin-bottom: 0px !important;}&#8221;]<a href=\"https:\/\/bratsberg.as\/en\/projects\/\">You can read more about our projects here.<\/a>[\/vc_column_text][\/vc_column_inner][\/vc_row_inner][vc_row_inner][vc_column_inner][mk_fancy_title size=&#8221;26&#8243; margin_bottom=&#8221;0&#8243; font_family=&#8221;none&#8221; responsive_align=&#8221;left&#8221;]Space to succeed[\/mk_fancy_title][vc_column_text css=&#8221;.vc_custom_1600252547376{margin-bottom: 0px !important;}&#8221;]Similarly, access to desirable premises is a prerequisite for businesses to be able to flourish. Bratsberg develops concepts, and develops and modernises existing properties. We own and manage more than 100 000 m2 of business property in Grenland. 280 companies rent premises in our business parks in Porsgrunn, Skien and at Skoppum. Growth is created here every day; an endeavor which propels our region forwards.<\/p>\n<p>For instance, the control valve technology company Inflow Control, based at Porselensfabrikken in Porsgrunn, is currently investing in a technology which is in demand from the world\u2019s largest oil companies. Proof that modern and viable premises attract new clients, and furthermore provide the basis for an innovative working environment.[\/vc_column_text][vc_column_text css=&#8221;.vc_custom_1600252583264{margin-bottom: 0px !important;}&#8221;]<a href=\"https:\/\/bratsberg.as\/en\/commercial-properties\/\">Read more about our business properties here.<\/a>[\/vc_column_text][\/vc_column_inner][\/vc_row_inner][\/vc_column][\/vc_row][vc_row fullwidth=&#8221;true&#8221;][vc_column][vc_separator css=&#8221;.vc_custom_1583766031837{padding-top: 20px !important;padding-bottom: 20px !important;}&#8221;][\/vc_column][\/vc_row][vc_row][vc_column][mk_fancy_title size=&#8221;28&#8243; margin_bottom=&#8221;10&#8243; font_family=&#8221;none&#8221; responsive_align=&#8221;left&#8221;]The story of Bratsberg[\/mk_fancy_title][vc_column_text css=&#8221;.vc_custom_1600252953468{margin-bottom: 0px !important;}&#8221;]With urban development as its speciality Bratsberg has, over one and a half decades, grown into a leading property developer and market leader of business property in Grenland. And it all began in a derelict area of Porsgrunn.<\/p>\n<p><a href=\"https:\/\/bratsberg.as\/en\/about-bratsberg\/bratsbergs-history\/\">Read the story of Bratsberg &#8211; Started with the aim of giving new life to the town.<\/a>[\/vc_column_text][vc_single_image image=&#8221;1715&#8243; img_size=&#8221;full&#8221;][\/vc_column][\/vc_row][vc_row css=&#8221;.vc_custom_1583825602121{padding-bottom: 30px !important;}&#8221;][vc_column][mk_fancy_title tag_name=&#8221;h3&#8243; size=&#8221;28&#8243; font_family=&#8221;none&#8221; responsive_align=&#8221;left&#8221;]Bratsberg, this is us. We are the people[\/mk_fancy_title][vc_column_text css=&#8221;.vc_custom_1600252938815{margin-bottom: 0px !important;}&#8221;]<em>\u00abWe do all we can to make sure our clients are satisfied\u00bb.<\/em><\/p>\n<p>One thing we all have in common at Bratsberg is a multidisciplinary approach to how we work. Our clients have many different concerns that need to be addressed. We have a broad and in-depth knowledge within our team. Together with leading local architects, contruction and environmental experts, we cover every speciality within development, management and overseeing of the property.<\/p>\n<p><strong>How we work <\/strong><\/p>\n<p>You can expect commitment and a strong team spirit, with a view to achieving joint success. We take interest, offer know-how and work on solutions together.<\/p>\n<p><a href=\"https:\/\/bratsberg.as\/en\/about-bratsberg\/employees\/\">Contact us &#8211; We will help you.<\/a>[\/vc_column_text][\/vc_column][\/vc_row]\n<\/div>","protected":false},"excerpt":{"rendered":"<p>For oss handler det om \u00e5 skape rom for suksess ved \u00e5 tilby attraktive bedriftslokaler, utvikle og bevare bygg for fremtiden. Vi hjelper deg \u00e5 finne riktig lokaler.<\/p>\n","protected":false},"author":1,"featured_media":1817,"parent":0,"menu_order":0,"comment_status":"closed","ping_status":"closed","template":"","meta":{"_acf_changed":false,"inline_featured_image":false,"footnotes":""},"class_list":["post-2160","page","type-page","status-publish","has-post-thumbnail","hentry"],"acf":[],"yoast_head":"<!-- This site is optimized with the Yoast SEO plugin v26.7 - https:\/\/yoast.com\/wordpress\/plugins\/seo\/ -->\n<title>About Bratsberg - Bratsberg<\/title>\n<meta name=\"description\" content=\"About Bratsberg - Bratsberg AS\" \/>\n<meta name=\"robots\" content=\"index, follow, max-snippet:-1, max-image-preview:large, max-video-preview:-1\" \/>\n<link rel=\"canonical\" href=\"https:\/\/bratsberg.as\/en\/about-bratsberg\/\" \/>\n<meta property=\"og:locale\" content=\"en_US\" \/>\n<meta property=\"og:type\" content=\"article\" \/>\n<meta property=\"og:title\" content=\"About Bratsberg - Bratsberg\" \/>\n<meta property=\"og:description\" content=\"About Bratsberg - Bratsberg AS\" \/>\n<meta property=\"og:url\" content=\"https:\/\/bratsberg.as\/en\/about-bratsberg\/\" \/>\n<meta property=\"og:site_name\" content=\"Bratsberg\" \/>\n<meta property=\"article:modified_time\" content=\"2020-10-12T13:29:05+00:00\" \/>\n<meta property=\"og:image\" content=\"https:\/\/bratsberg.as\/wp-content\/uploads\/2020\/04\/bratsberg-brygge-oeya-0213.jpg\" \/>\n\t<meta property=\"og:image:width\" content=\"1500\" \/>\n\t<meta property=\"og:image:height\" content=\"1000\" \/>\n\t<meta property=\"og:image:type\" content=\"image\/jpeg\" \/>\n<meta name=\"twitter:card\" content=\"summary_large_image\" \/>\n<meta name=\"twitter:label1\" content=\"Est. reading time\" \/>\n\t<meta name=\"twitter:data1\" content=\"6 minutes\" \/>\n<script type=\"application\/ld+json\" class=\"yoast-schema-graph\">{\"@context\":\"https:\/\/schema.org\",\"@graph\":[{\"@type\":\"WebPage\",\"@id\":\"https:\/\/bratsberg.as\/en\/about-bratsberg\/\",\"url\":\"https:\/\/bratsberg.as\/en\/about-bratsberg\/\",\"name\":\"About Bratsberg - Bratsberg\",\"isPartOf\":{\"@id\":\"https:\/\/bratsberg.as\/en\/#website\"},\"primaryImageOfPage\":{\"@id\":\"https:\/\/bratsberg.as\/en\/about-bratsberg\/#primaryimage\"},\"image\":{\"@id\":\"https:\/\/bratsberg.as\/en\/about-bratsberg\/#primaryimage\"},\"thumbnailUrl\":\"https:\/\/bratsberg.as\/wp-content\/uploads\/2020\/04\/bratsberg-brygge-oeya-0213.jpg\",\"datePublished\":\"2020-08-26T09:09:02+00:00\",\"dateModified\":\"2020-10-12T13:29:05+00:00\",\"description\":\"About Bratsberg - Bratsberg AS\",\"breadcrumb\":{\"@id\":\"https:\/\/bratsberg.as\/en\/about-bratsberg\/#breadcrumb\"},\"inLanguage\":\"en-US\",\"potentialAction\":[{\"@type\":\"ReadAction\",\"target\":[\"https:\/\/bratsberg.as\/en\/about-bratsberg\/\"]}]},{\"@type\":\"ImageObject\",\"inLanguage\":\"en-US\",\"@id\":\"https:\/\/bratsberg.as\/en\/about-bratsberg\/#primaryimage\",\"url\":\"https:\/\/bratsberg.as\/wp-content\/uploads\/2020\/04\/bratsberg-brygge-oeya-0213.jpg\",\"contentUrl\":\"https:\/\/bratsberg.as\/wp-content\/uploads\/2020\/04\/bratsberg-brygge-oeya-0213.jpg\",\"width\":1500,\"height\":1000},{\"@type\":\"BreadcrumbList\",\"@id\":\"https:\/\/bratsberg.as\/en\/about-bratsberg\/#breadcrumb\",\"itemListElement\":[{\"@type\":\"ListItem\",\"position\":1,\"name\":\"Bratsberg\",\"item\":\"https:\/\/bratsberg.as\/en\/\"},{\"@type\":\"ListItem\",\"position\":2,\"name\":\"About Bratsberg\"}]},{\"@type\":\"WebSite\",\"@id\":\"https:\/\/bratsberg.as\/en\/#website\",\"url\":\"https:\/\/bratsberg.as\/en\/\",\"name\":\"Bratsberg\",\"description\":\"Utvikler og bygger n\u00e6ringseiendommer og boliger\",\"potentialAction\":[{\"@type\":\"SearchAction\",\"target\":{\"@type\":\"EntryPoint\",\"urlTemplate\":\"https:\/\/bratsberg.as\/en\/?s={search_term_string}\"},\"query-input\":{\"@type\":\"PropertyValueSpecification\",\"valueRequired\":true,\"valueName\":\"search_term_string\"}}],\"inLanguage\":\"en-US\"}]}<\/script>\n<!-- \/ Yoast SEO plugin. -->","yoast_head_json":{"title":"About Bratsberg - Bratsberg","description":"About Bratsberg - Bratsberg AS","robots":{"index":"index","follow":"follow","max-snippet":"max-snippet:-1","max-image-preview":"max-image-preview:large","max-video-preview":"max-video-preview:-1"},"canonical":"https:\/\/bratsberg.as\/en\/about-bratsberg\/","og_locale":"en_US","og_type":"article","og_title":"About Bratsberg - Bratsberg","og_description":"About Bratsberg - Bratsberg AS","og_url":"https:\/\/bratsberg.as\/en\/about-bratsberg\/","og_site_name":"Bratsberg","article_modified_time":"2020-10-12T13:29:05+00:00","og_image":[{"width":1500,"height":1000,"url":"https:\/\/bratsberg.as\/wp-content\/uploads\/2020\/04\/bratsberg-brygge-oeya-0213.jpg","type":"image\/jpeg"}],"twitter_card":"summary_large_image","twitter_misc":{"Est. reading time":"6 minutes"},"schema":{"@context":"https:\/\/schema.org","@graph":[{"@type":"WebPage","@id":"https:\/\/bratsberg.as\/en\/about-bratsberg\/","url":"https:\/\/bratsberg.as\/en\/about-bratsberg\/","name":"About Bratsberg - Bratsberg","isPartOf":{"@id":"https:\/\/bratsberg.as\/en\/#website"},"primaryImageOfPage":{"@id":"https:\/\/bratsberg.as\/en\/about-bratsberg\/#primaryimage"},"image":{"@id":"https:\/\/bratsberg.as\/en\/about-bratsberg\/#primaryimage"},"thumbnailUrl":"https:\/\/bratsberg.as\/wp-content\/uploads\/2020\/04\/bratsberg-brygge-oeya-0213.jpg","datePublished":"2020-08-26T09:09:02+00:00","dateModified":"2020-10-12T13:29:05+00:00","description":"About Bratsberg - Bratsberg AS","breadcrumb":{"@id":"https:\/\/bratsberg.as\/en\/about-bratsberg\/#breadcrumb"},"inLanguage":"en-US","potentialAction":[{"@type":"ReadAction","target":["https:\/\/bratsberg.as\/en\/about-bratsberg\/"]}]},{"@type":"ImageObject","inLanguage":"en-US","@id":"https:\/\/bratsberg.as\/en\/about-bratsberg\/#primaryimage","url":"https:\/\/bratsberg.as\/wp-content\/uploads\/2020\/04\/bratsberg-brygge-oeya-0213.jpg","contentUrl":"https:\/\/bratsberg.as\/wp-content\/uploads\/2020\/04\/bratsberg-brygge-oeya-0213.jpg","width":1500,"height":1000},{"@type":"BreadcrumbList","@id":"https:\/\/bratsberg.as\/en\/about-bratsberg\/#breadcrumb","itemListElement":[{"@type":"ListItem","position":1,"name":"Bratsberg","item":"https:\/\/bratsberg.as\/en\/"},{"@type":"ListItem","position":2,"name":"About Bratsberg"}]},{"@type":"WebSite","@id":"https:\/\/bratsberg.as\/en\/#website","url":"https:\/\/bratsberg.as\/en\/","name":"Bratsberg","description":"Utvikler og bygger n\u00e6ringseiendommer og boliger","potentialAction":[{"@type":"SearchAction","target":{"@type":"EntryPoint","urlTemplate":"https:\/\/bratsberg.as\/en\/?s={search_term_string}"},"query-input":{"@type":"PropertyValueSpecification","valueRequired":true,"valueName":"search_term_string"}}],"inLanguage":"en-US"}]}},"_links":{"self":[{"href":"https:\/\/bratsberg.as\/en\/wp-json\/wp\/v2\/pages\/2160","targetHints":{"allow":["GET"]}}],"collection":[{"href":"https:\/\/bratsberg.as\/en\/wp-json\/wp\/v2\/pages"}],"about":[{"href":"https:\/\/bratsberg.as\/en\/wp-json\/wp\/v2\/types\/page"}],"author":[{"embeddable":true,"href":"https:\/\/bratsberg.as\/en\/wp-json\/wp\/v2\/users\/1"}],"replies":[{"embeddable":true,"href":"https:\/\/bratsberg.as\/en\/wp-json\/wp\/v2\/comments?post=2160"}],"version-history":[{"count":6,"href":"https:\/\/bratsberg.as\/en\/wp-json\/wp\/v2\/pages\/2160\/revisions"}],"predecessor-version":[{"id":2588,"href":"https:\/\/bratsberg.as\/en\/wp-json\/wp\/v2\/pages\/2160\/revisions\/2588"}],"wp:featuredmedia":[{"embeddable":true,"href":"https:\/\/bratsberg.as\/en\/wp-json\/wp\/v2\/media\/1817"}],"wp:attachment":[{"href":"https:\/\/bratsberg.as\/en\/wp-json\/wp\/v2\/media?parent=2160"}],"curies":[{"name":"wp","href":"https:\/\/api.w.org\/{rel}","templated":true}]}}