{"id":2159,"date":"2020-08-26T11:08:48","date_gmt":"2020-08-26T09:08:48","guid":{"rendered":"https:\/\/bratsberg.as\/?page_id=2159"},"modified":"2020-09-30T14:29:07","modified_gmt":"2020-09-30T12:29:07","slug":"commercial-properties","status":"publish","type":"page","link":"https:\/\/bratsberg.as\/en\/commercial-properties\/","title":{"rendered":"Business properties"},"content":{"rendered":"<div class=\"wpb-content-wrapper\">[vc_row fullwidth=&#8221;true&#8221; fullwidth_content=&#8221;false&#8221; el_class=&#8221;center&#8221;][vc_column][vc_column_text css=&#8221;.vc_custom_1601468944524{margin-bottom: 0px !important;}&#8221;]\n<p style=\"text-align: center;\">View the many business premises options in Bratsberg\u2019s Business Parks and buildings in Grenland and Vestfold here.<\/p>\n<p style=\"text-align: center;\">Need help finding the right premises? <a href=\"https:\/\/bratsberg.as\/en\/about-bratsberg\/employees\/simon-s-stordalen\/\">We can help<\/a><\/p>\n<p style=\"text-align: center;\">Our clients comprise 280 businesses, big and small. We are a dedicated working team that serves to support the daily running of the office, the shop, caf\u00e9 or warehouse. Our broad property portfolio is a good launching pad for finding the right premises or new development. Most often, we do this in close cooperation with our clients and partners. We develop new business concepts and modernise existing buildings and premises. In Porsgrunn and Skien, Bratsberg is the market leader in business property and we strive to continue to uphold this position.<\/p>\n[\/vc_column_text][\/vc_column][\/vc_row]\n<\/div>","protected":false},"excerpt":{"rendered":"<p>Her ser du mange spennende muligheter for din virksomhet i Bratsbergs n\u00e6ringseiendommer i Grenland og Vestfold. Kundene v\u00e5re er 280 virksomheter, offentlige og private, store og sm\u00e5, leietakere i n\u00e6ringsbygg og lokaler. <\/p>\n","protected":false},"author":1,"featured_media":0,"parent":0,"menu_order":0,"comment_status":"closed","ping_status":"closed","template":"","meta":{"_acf_changed":false,"inline_featured_image":false,"footnotes":""},"class_list":["post-2159","page","type-page","status-publish","hentry"],"acf":[],"yoast_head":"<!-- This site is optimized with the Yoast SEO plugin v26.7 - https:\/\/yoast.com\/wordpress\/plugins\/seo\/ -->\n<title>Business properties - Bratsberg<\/title>\n<meta name=\"description\" content=\"Vi utvikler nye n\u00e6ringskonsepter, bygger nytt og moderniserer eksisterende n\u00e6ringseiendommer. Bratsberg N\u00e6ringseiendom er markedsledende i Porsgrunn og Skien.\" \/>\n<meta name=\"robots\" content=\"index, follow, max-snippet:-1, max-image-preview:large, max-video-preview:-1\" \/>\n<link rel=\"canonical\" href=\"https:\/\/bratsberg.as\/en\/commercial-properties\/\" \/>\n<meta property=\"og:locale\" content=\"en_US\" \/>\n<meta property=\"og:type\" content=\"article\" \/>\n<meta property=\"og:title\" content=\"Business properties - Bratsberg\" \/>\n<meta property=\"og:description\" content=\"Vi utvikler nye n\u00e6ringskonsepter, bygger nytt og moderniserer eksisterende n\u00e6ringseiendommer. Bratsberg N\u00e6ringseiendom er markedsledende i Porsgrunn og Skien.\" \/>\n<meta property=\"og:url\" content=\"https:\/\/bratsberg.as\/en\/commercial-properties\/\" \/>\n<meta property=\"og:site_name\" content=\"Bratsberg\" \/>\n<meta property=\"article:modified_time\" content=\"2020-09-30T12:29:07+00:00\" \/>\n<meta name=\"twitter:card\" content=\"summary_large_image\" \/>\n<meta name=\"twitter:label1\" content=\"Est. reading time\" \/>\n\t<meta name=\"twitter:data1\" content=\"1 minute\" \/>\n<script type=\"application\/ld+json\" class=\"yoast-schema-graph\">{\"@context\":\"https:\/\/schema.org\",\"@graph\":[{\"@type\":\"WebPage\",\"@id\":\"https:\/\/bratsberg.as\/en\/commercial-properties\/\",\"url\":\"https:\/\/bratsberg.as\/en\/commercial-properties\/\",\"name\":\"Business properties - Bratsberg\",\"isPartOf\":{\"@id\":\"https:\/\/bratsberg.as\/en\/#website\"},\"datePublished\":\"2020-08-26T09:08:48+00:00\",\"dateModified\":\"2020-09-30T12:29:07+00:00\",\"description\":\"Vi utvikler nye n\u00e6ringskonsepter, bygger nytt og moderniserer eksisterende n\u00e6ringseiendommer. Bratsberg N\u00e6ringseiendom er markedsledende i Porsgrunn og Skien.\",\"breadcrumb\":{\"@id\":\"https:\/\/bratsberg.as\/en\/commercial-properties\/#breadcrumb\"},\"inLanguage\":\"en-US\",\"potentialAction\":[{\"@type\":\"ReadAction\",\"target\":[\"https:\/\/bratsberg.as\/en\/commercial-properties\/\"]}]},{\"@type\":\"BreadcrumbList\",\"@id\":\"https:\/\/bratsberg.as\/en\/commercial-properties\/#breadcrumb\",\"itemListElement\":[{\"@type\":\"ListItem\",\"position\":1,\"name\":\"Bratsberg\",\"item\":\"https:\/\/bratsberg.as\/en\/\"},{\"@type\":\"ListItem\",\"position\":2,\"name\":\"Business properties\"}]},{\"@type\":\"WebSite\",\"@id\":\"https:\/\/bratsberg.as\/en\/#website\",\"url\":\"https:\/\/bratsberg.as\/en\/\",\"name\":\"Bratsberg\",\"description\":\"Utvikler og bygger n\u00e6ringseiendommer og boliger\",\"potentialAction\":[{\"@type\":\"SearchAction\",\"target\":{\"@type\":\"EntryPoint\",\"urlTemplate\":\"https:\/\/bratsberg.as\/en\/?s={search_term_string}\"},\"query-input\":{\"@type\":\"PropertyValueSpecification\",\"valueRequired\":true,\"valueName\":\"search_term_string\"}}],\"inLanguage\":\"en-US\"}]}<\/script>\n<!-- \/ Yoast SEO plugin. -->","yoast_head_json":{"title":"Business properties - Bratsberg","description":"Vi utvikler nye n\u00e6ringskonsepter, bygger nytt og moderniserer eksisterende n\u00e6ringseiendommer. Bratsberg N\u00e6ringseiendom er markedsledende i Porsgrunn og Skien.","robots":{"index":"index","follow":"follow","max-snippet":"max-snippet:-1","max-image-preview":"max-image-preview:large","max-video-preview":"max-video-preview:-1"},"canonical":"https:\/\/bratsberg.as\/en\/commercial-properties\/","og_locale":"en_US","og_type":"article","og_title":"Business properties - Bratsberg","og_description":"Vi utvikler nye n\u00e6ringskonsepter, bygger nytt og moderniserer eksisterende n\u00e6ringseiendommer. Bratsberg N\u00e6ringseiendom er markedsledende i Porsgrunn og Skien.","og_url":"https:\/\/bratsberg.as\/en\/commercial-properties\/","og_site_name":"Bratsberg","article_modified_time":"2020-09-30T12:29:07+00:00","twitter_card":"summary_large_image","twitter_misc":{"Est. reading time":"1 minute"},"schema":{"@context":"https:\/\/schema.org","@graph":[{"@type":"WebPage","@id":"https:\/\/bratsberg.as\/en\/commercial-properties\/","url":"https:\/\/bratsberg.as\/en\/commercial-properties\/","name":"Business properties - Bratsberg","isPartOf":{"@id":"https:\/\/bratsberg.as\/en\/#website"},"datePublished":"2020-08-26T09:08:48+00:00","dateModified":"2020-09-30T12:29:07+00:00","description":"Vi utvikler nye n\u00e6ringskonsepter, bygger nytt og moderniserer eksisterende n\u00e6ringseiendommer. Bratsberg N\u00e6ringseiendom er markedsledende i Porsgrunn og Skien.","breadcrumb":{"@id":"https:\/\/bratsberg.as\/en\/commercial-properties\/#breadcrumb"},"inLanguage":"en-US","potentialAction":[{"@type":"ReadAction","target":["https:\/\/bratsberg.as\/en\/commercial-properties\/"]}]},{"@type":"BreadcrumbList","@id":"https:\/\/bratsberg.as\/en\/commercial-properties\/#breadcrumb","itemListElement":[{"@type":"ListItem","position":1,"name":"Bratsberg","item":"https:\/\/bratsberg.as\/en\/"},{"@type":"ListItem","position":2,"name":"Business properties"}]},{"@type":"WebSite","@id":"https:\/\/bratsberg.as\/en\/#website","url":"https:\/\/bratsberg.as\/en\/","name":"Bratsberg","description":"Utvikler og bygger n\u00e6ringseiendommer og boliger","potentialAction":[{"@type":"SearchAction","target":{"@type":"EntryPoint","urlTemplate":"https:\/\/bratsberg.as\/en\/?s={search_term_string}"},"query-input":{"@type":"PropertyValueSpecification","valueRequired":true,"valueName":"search_term_string"}}],"inLanguage":"en-US"}]}},"_links":{"self":[{"href":"https:\/\/bratsberg.as\/en\/wp-json\/wp\/v2\/pages\/2159","targetHints":{"allow":["GET"]}}],"collection":[{"href":"https:\/\/bratsberg.as\/en\/wp-json\/wp\/v2\/pages"}],"about":[{"href":"https:\/\/bratsberg.as\/en\/wp-json\/wp\/v2\/types\/page"}],"author":[{"embeddable":true,"href":"https:\/\/bratsberg.as\/en\/wp-json\/wp\/v2\/users\/1"}],"replies":[{"embeddable":true,"href":"https:\/\/bratsberg.as\/en\/wp-json\/wp\/v2\/comments?post=2159"}],"version-history":[{"count":8,"href":"https:\/\/bratsberg.as\/en\/wp-json\/wp\/v2\/pages\/2159\/revisions"}],"predecessor-version":[{"id":2894,"href":"https:\/\/bratsberg.as\/en\/wp-json\/wp\/v2\/pages\/2159\/revisions\/2894"}],"wp:attachment":[{"href":"https:\/\/bratsberg.as\/en\/wp-json\/wp\/v2\/media?parent=2159"}],"curies":[{"name":"wp","href":"https:\/\/api.w.org\/{rel}","templated":true}]}}