{"id":2154,"date":"2020-08-26T11:01:52","date_gmt":"2020-08-26T09:01:52","guid":{"rendered":"https:\/\/bratsberg.as\/?page_id=2154"},"modified":"2025-01-24T10:42:43","modified_gmt":"2025-01-24T09:42:43","slug":"contact","status":"publish","type":"page","link":"https:\/\/bratsberg.as\/en\/contact\/","title":{"rendered":"Contact"},"content":{"rendered":"<div class=\"wpb-content-wrapper\">[vc_row][vc_column width=&#8221;1\/2&#8243;][mk_fancy_title tag_name=&#8221;h1&#8243; size=&#8221;32&#8243; font_weight=&#8221;500&#8243; margin_top=&#8221;30&#8243; margin_bottom=&#8221;0&#8243; font_family=&#8221;none&#8221; responsive_align=&#8221;left&#8221;]Contact Bratsberg[\/mk_fancy_title][vc_column_text css=&#8221;.vc_custom_1598432072393{margin-bottom: 0px !important;}&#8221;]Our property portfolio offers many opportunities. We are eager to hear from you![\/vc_column_text][mk_fancy_title size=&#8221;22&#8243; font_weight=&#8221;500&#8243; margin_top=&#8221;10&#8243; margin_bottom=&#8221;0&#8243; font_family=&#8221;none&#8221; responsive_align=&#8221;left&#8221;]Contact information[\/mk_fancy_title][vc_column_text css=&#8221;.vc_custom_1598432198242{margin-bottom: 0px !important;}&#8221;]<strong>Address:<\/strong><br \/>\n<a href=\"https:\/\/goo.gl\/maps\/1j6EmWHxn1iw7a5M9\" target=\"_blank\" rel=\"noopener noreferrer\">Ferjegata 5, 3921 Porsgrunn<\/a><br \/>\n<strong>Telephone:<\/strong><br \/>\n<a href=\"tel:004735569590\" target=\"_blank\" rel=\"noopener noreferrer\">+47 35 56 95 90<\/a><br \/>\n<strong>E-mail:<\/strong><br \/>\n<a href=\"mailto:post@bratsberg.as\">post@bratsberg.as<\/a>[\/vc_column_text][mk_button dimension=&#8221;flat&#8221; corner_style=&#8221;full_rounded&#8221; size=&#8221;large&#8221; url=&#8221;https:\/\/bratsberg.as\/en\/about-bratsberg\/employees\/&#8221; bg_color=&#8221;#00491f&#8221; btn_hover_bg=&#8221;#48a345&#8243; btn_hover_txt_color=&#8221;#ffffff&#8221;]Meet Bratsbergs employees[\/mk_button][\/vc_column][vc_column width=&#8221;1\/2&#8243; el_class=&#8221;kontaktskjema&#8221;][mk_fancy_title size=&#8221;22&#8243; font_weight=&#8221;500&#8243; margin_top=&#8221;10&#8243; margin_bottom=&#8221;0&#8243; font_family=&#8221;none&#8221; responsive_align=&#8221;left&#8221;]Contact form[\/mk_fancy_title][vc_column_text css=&#8221;.vc_custom_1598432315141{margin-bottom: 0px !important;}&#8221;]Fill in all fields below[\/vc_column_text]\n<div class=\"wpcf7 no-js\" id=\"wpcf7-f2196-o1\" lang=\"nb-NO\" dir=\"ltr\" data-wpcf7-id=\"2196\">\n<div class=\"screen-reader-response\"><p role=\"status\" aria-live=\"polite\" aria-atomic=\"true\"><\/p> <ul><\/ul><\/div>\n<form action=\"\/en\/wp-json\/wp\/v2\/pages\/2154#wpcf7-f2196-o1\" method=\"post\" class=\"wpcf7-form init\" aria-label=\"Kontaktskjema\" novalidate=\"novalidate\" data-status=\"init\">\n<fieldset class=\"hidden-fields-container\"><input type=\"hidden\" name=\"_wpcf7\" value=\"2196\" \/><input type=\"hidden\" name=\"_wpcf7_version\" value=\"6.1.4\" \/><input type=\"hidden\" name=\"_wpcf7_locale\" value=\"nb_NO\" \/><input type=\"hidden\" name=\"_wpcf7_unit_tag\" value=\"wpcf7-f2196-o1\" \/><input type=\"hidden\" name=\"_wpcf7_container_post\" value=\"0\" \/><input type=\"hidden\" name=\"_wpcf7_posted_data_hash\" value=\"\" \/>\n<\/fieldset>\n<p><span class=\"wpcf7-form-control-wrap\" data-name=\"ditt-navn\"><input size=\"40\" maxlength=\"400\" class=\"wpcf7-form-control wpcf7-text wpcf7-validates-as-required\" aria-required=\"true\" aria-invalid=\"false\" placeholder=\"Your name\" value=\"\" type=\"text\" name=\"ditt-navn\" \/><\/span>\n<\/p>\n<p><span class=\"wpcf7-form-control-wrap\" data-name=\"din-epost\"><input size=\"40\" maxlength=\"400\" class=\"wpcf7-form-control wpcf7-email wpcf7-validates-as-required wpcf7-text wpcf7-validates-as-email\" aria-required=\"true\" aria-invalid=\"false\" placeholder=\"Your e-mail\" value=\"\" type=\"email\" name=\"din-epost\" \/><\/span>\n<\/p>\n<p><label>What is the request about?<\/label><br \/>\n<span class=\"wpcf7-form-control-wrap\" data-name=\"your-recipient\"><select class=\"wpcf7-form-control wpcf7-select wpcf7-validates-as-required\" aria-required=\"true\" aria-invalid=\"false\" name=\"your-recipient\"><option value=\"\">What is the request about<\/option><option value=\"Rent business premises\">Rent business premises<\/option><option value=\"Information about new projects\">Information about new projects<\/option><option value=\"Housing\">Housing<\/option><option value=\"Construction technology\">Construction technology<\/option><option value=\"Invoice\">Invoice<\/option><option value=\"Apply for sponsorship\">Apply for sponsorship<\/option><option value=\"Other\">Other<\/option><\/select><\/span>\n<\/p>\n<p><span class=\"wpcf7-form-control-wrap\" data-name=\"your-message\"><textarea cols=\"40\" rows=\"10\" maxlength=\"2000\" class=\"wpcf7-form-control wpcf7-textarea wpcf7-validates-as-required\" aria-required=\"true\" aria-invalid=\"false\" placeholder=\"Your message\" name=\"your-message\"><\/textarea><\/span>\n<\/p>\n<p><input class=\"wpcf7-form-control wpcf7-submit has-spinner\" type=\"submit\" value=\"Send\" \/>\n<\/p><div class=\"wpcf7-response-output\" aria-hidden=\"true\"><\/div>\n<\/form>\n<\/div>\n[\/vc_column][\/vc_row]\n<\/div>","protected":false},"excerpt":{"rendered":"<p>Vi har mange muligheter i v\u00e5r eiendomsportef\u00f8lje, og \u00f8nsker \u00e5 h\u00f8re fra deg! Bruk kontaktskjemaet, telefonnummeret eller e-post adressen for \u00e5 kontakte oss. <\/p>\n","protected":false},"author":1,"featured_media":1704,"parent":0,"menu_order":0,"comment_status":"closed","ping_status":"closed","template":"","meta":{"_acf_changed":false,"inline_featured_image":false,"footnotes":""},"class_list":["post-2154","page","type-page","status-publish","has-post-thumbnail","hentry"],"acf":[],"yoast_head":"<!-- This site is optimized with the Yoast SEO plugin v26.7 - https:\/\/yoast.com\/wordpress\/plugins\/seo\/ -->\n<title>Contact - Bratsberg<\/title>\n<meta name=\"description\" content=\"We have many opportunities in our real estate portfolio, and want to hear from you! Use the contact form, telephone number or e-mail address to contact us.\" \/>\n<meta name=\"robots\" content=\"index, follow, max-snippet:-1, max-image-preview:large, max-video-preview:-1\" \/>\n<link rel=\"canonical\" href=\"https:\/\/bratsberg.as\/en\/contact\/\" \/>\n<meta property=\"og:locale\" content=\"en_US\" \/>\n<meta property=\"og:type\" content=\"article\" \/>\n<meta property=\"og:title\" content=\"Contact - Bratsberg\" \/>\n<meta property=\"og:description\" content=\"We have many opportunities in our real estate portfolio, and want to hear from you! Use the contact form, telephone number or e-mail address to contact us.\" \/>\n<meta property=\"og:url\" content=\"https:\/\/bratsberg.as\/en\/contact\/\" \/>\n<meta property=\"og:site_name\" content=\"Bratsberg\" \/>\n<meta property=\"article:modified_time\" content=\"2025-01-24T09:42:43+00:00\" \/>\n<meta property=\"og:image\" content=\"https:\/\/bratsberg.as\/wp-content\/uploads\/2020\/02\/istock-1079202202-farger.jpg\" \/>\n\t<meta property=\"og:image:width\" content=\"1500\" \/>\n\t<meta property=\"og:image:height\" content=\"944\" \/>\n\t<meta property=\"og:image:type\" content=\"image\/jpeg\" \/>\n<meta name=\"twitter:card\" content=\"summary_large_image\" \/>\n<meta name=\"twitter:label1\" content=\"Est. reading time\" \/>\n\t<meta name=\"twitter:data1\" content=\"1 minute\" \/>\n<script type=\"application\/ld+json\" class=\"yoast-schema-graph\">{\"@context\":\"https:\/\/schema.org\",\"@graph\":[{\"@type\":\"WebPage\",\"@id\":\"https:\/\/bratsberg.as\/en\/contact\/\",\"url\":\"https:\/\/bratsberg.as\/en\/contact\/\",\"name\":\"Contact - Bratsberg\",\"isPartOf\":{\"@id\":\"https:\/\/bratsberg.as\/en\/#website\"},\"primaryImageOfPage\":{\"@id\":\"https:\/\/bratsberg.as\/en\/contact\/#primaryimage\"},\"image\":{\"@id\":\"https:\/\/bratsberg.as\/en\/contact\/#primaryimage\"},\"thumbnailUrl\":\"https:\/\/bratsberg.as\/wp-content\/uploads\/2020\/02\/istock-1079202202-farger.jpg\",\"datePublished\":\"2020-08-26T09:01:52+00:00\",\"dateModified\":\"2025-01-24T09:42:43+00:00\",\"description\":\"We have many opportunities in our real estate portfolio, and want to hear from you! Use the contact form, telephone number or e-mail address to contact us.\",\"breadcrumb\":{\"@id\":\"https:\/\/bratsberg.as\/en\/contact\/#breadcrumb\"},\"inLanguage\":\"en-US\",\"potentialAction\":[{\"@type\":\"ReadAction\",\"target\":[\"https:\/\/bratsberg.as\/en\/contact\/\"]}]},{\"@type\":\"ImageObject\",\"inLanguage\":\"en-US\",\"@id\":\"https:\/\/bratsberg.as\/en\/contact\/#primaryimage\",\"url\":\"https:\/\/bratsberg.as\/wp-content\/uploads\/2020\/02\/istock-1079202202-farger.jpg\",\"contentUrl\":\"https:\/\/bratsberg.as\/wp-content\/uploads\/2020\/02\/istock-1079202202-farger.jpg\",\"width\":1500,\"height\":944},{\"@type\":\"BreadcrumbList\",\"@id\":\"https:\/\/bratsberg.as\/en\/contact\/#breadcrumb\",\"itemListElement\":[{\"@type\":\"ListItem\",\"position\":1,\"name\":\"Bratsberg\",\"item\":\"https:\/\/bratsberg.as\/en\/\"},{\"@type\":\"ListItem\",\"position\":2,\"name\":\"Contact\"}]},{\"@type\":\"WebSite\",\"@id\":\"https:\/\/bratsberg.as\/en\/#website\",\"url\":\"https:\/\/bratsberg.as\/en\/\",\"name\":\"Bratsberg\",\"description\":\"Utvikler og bygger n\u00e6ringseiendommer og boliger\",\"potentialAction\":[{\"@type\":\"SearchAction\",\"target\":{\"@type\":\"EntryPoint\",\"urlTemplate\":\"https:\/\/bratsberg.as\/en\/?s={search_term_string}\"},\"query-input\":{\"@type\":\"PropertyValueSpecification\",\"valueRequired\":true,\"valueName\":\"search_term_string\"}}],\"inLanguage\":\"en-US\"}]}<\/script>\n<!-- \/ Yoast SEO plugin. -->","yoast_head_json":{"title":"Contact - Bratsberg","description":"We have many opportunities in our real estate portfolio, and want to hear from you! Use the contact form, telephone number or e-mail address to contact us.","robots":{"index":"index","follow":"follow","max-snippet":"max-snippet:-1","max-image-preview":"max-image-preview:large","max-video-preview":"max-video-preview:-1"},"canonical":"https:\/\/bratsberg.as\/en\/contact\/","og_locale":"en_US","og_type":"article","og_title":"Contact - Bratsberg","og_description":"We have many opportunities in our real estate portfolio, and want to hear from you! Use the contact form, telephone number or e-mail address to contact us.","og_url":"https:\/\/bratsberg.as\/en\/contact\/","og_site_name":"Bratsberg","article_modified_time":"2025-01-24T09:42:43+00:00","og_image":[{"width":1500,"height":944,"url":"https:\/\/bratsberg.as\/wp-content\/uploads\/2020\/02\/istock-1079202202-farger.jpg","type":"image\/jpeg"}],"twitter_card":"summary_large_image","twitter_misc":{"Est. reading time":"1 minute"},"schema":{"@context":"https:\/\/schema.org","@graph":[{"@type":"WebPage","@id":"https:\/\/bratsberg.as\/en\/contact\/","url":"https:\/\/bratsberg.as\/en\/contact\/","name":"Contact - Bratsberg","isPartOf":{"@id":"https:\/\/bratsberg.as\/en\/#website"},"primaryImageOfPage":{"@id":"https:\/\/bratsberg.as\/en\/contact\/#primaryimage"},"image":{"@id":"https:\/\/bratsberg.as\/en\/contact\/#primaryimage"},"thumbnailUrl":"https:\/\/bratsberg.as\/wp-content\/uploads\/2020\/02\/istock-1079202202-farger.jpg","datePublished":"2020-08-26T09:01:52+00:00","dateModified":"2025-01-24T09:42:43+00:00","description":"We have many opportunities in our real estate portfolio, and want to hear from you! Use the contact form, telephone number or e-mail address to contact us.","breadcrumb":{"@id":"https:\/\/bratsberg.as\/en\/contact\/#breadcrumb"},"inLanguage":"en-US","potentialAction":[{"@type":"ReadAction","target":["https:\/\/bratsberg.as\/en\/contact\/"]}]},{"@type":"ImageObject","inLanguage":"en-US","@id":"https:\/\/bratsberg.as\/en\/contact\/#primaryimage","url":"https:\/\/bratsberg.as\/wp-content\/uploads\/2020\/02\/istock-1079202202-farger.jpg","contentUrl":"https:\/\/bratsberg.as\/wp-content\/uploads\/2020\/02\/istock-1079202202-farger.jpg","width":1500,"height":944},{"@type":"BreadcrumbList","@id":"https:\/\/bratsberg.as\/en\/contact\/#breadcrumb","itemListElement":[{"@type":"ListItem","position":1,"name":"Bratsberg","item":"https:\/\/bratsberg.as\/en\/"},{"@type":"ListItem","position":2,"name":"Contact"}]},{"@type":"WebSite","@id":"https:\/\/bratsberg.as\/en\/#website","url":"https:\/\/bratsberg.as\/en\/","name":"Bratsberg","description":"Utvikler og bygger n\u00e6ringseiendommer og boliger","potentialAction":[{"@type":"SearchAction","target":{"@type":"EntryPoint","urlTemplate":"https:\/\/bratsberg.as\/en\/?s={search_term_string}"},"query-input":{"@type":"PropertyValueSpecification","valueRequired":true,"valueName":"search_term_string"}}],"inLanguage":"en-US"}]}},"_links":{"self":[{"href":"https:\/\/bratsberg.as\/en\/wp-json\/wp\/v2\/pages\/2154","targetHints":{"allow":["GET"]}}],"collection":[{"href":"https:\/\/bratsberg.as\/en\/wp-json\/wp\/v2\/pages"}],"about":[{"href":"https:\/\/bratsberg.as\/en\/wp-json\/wp\/v2\/types\/page"}],"author":[{"embeddable":true,"href":"https:\/\/bratsberg.as\/en\/wp-json\/wp\/v2\/users\/1"}],"replies":[{"embeddable":true,"href":"https:\/\/bratsberg.as\/en\/wp-json\/wp\/v2\/comments?post=2154"}],"version-history":[{"count":6,"href":"https:\/\/bratsberg.as\/en\/wp-json\/wp\/v2\/pages\/2154\/revisions"}],"predecessor-version":[{"id":2556,"href":"https:\/\/bratsberg.as\/en\/wp-json\/wp\/v2\/pages\/2154\/revisions\/2556"}],"wp:featuredmedia":[{"embeddable":true,"href":"https:\/\/bratsberg.as\/en\/wp-json\/wp\/v2\/media\/1704"}],"wp:attachment":[{"href":"https:\/\/bratsberg.as\/en\/wp-json\/wp\/v2\/media?parent=2154"}],"curies":[{"name":"wp","href":"https:\/\/api.w.org\/{rel}","templated":true}]}}